{"id":1455,"date":"2025-08-27T14:35:16","date_gmt":"2025-08-27T12:35:16","guid":{"rendered":"https:\/\/www.serena.it\/dove-operiamo\/"},"modified":"2025-12-22T07:42:40","modified_gmt":"2025-12-22T06:42:40","slug":"nos-marches","status":"publish","type":"page","link":"https:\/\/www.serena.it\/fr\/nos-marches\/","title":{"rendered":"Nos march\u00e9s"},"content":{"rendered":"<div class=\"fusion-fullwidth fullwidth-box fusion-builder-row-1 fusion-flex-container has-pattern-background has-mask-background nonhundred-percent-fullwidth non-hundred-percent-height-scrolling\" style=\"--awb-border-radius-top-left:0px;--awb-border-radius-top-right:0px;--awb-border-radius-bottom-right:0px;--awb-border-radius-bottom-left:0px;--awb-padding-bottom:30px;--awb-background-color:var(--awb-color4);--awb-flex-wrap:wrap;\" ><div class=\"fusion-builder-row fusion-row fusion-flex-align-items-stretch fusion-flex-content-wrap\" style=\"max-width:1497.6px;margin-left: calc(-4% \/ 2 );margin-right: calc(-4% \/ 2 );\"><div class=\"fusion-layout-column fusion_builder_column fusion-builder-column-0 fusion_builder_column_1_1 1_1 fusion-flex-column fusion-flex-align-self-stretch border-radius\" style=\"--awb-padding-top:30px;--awb-padding-right:25%;--awb-padding-bottom:30px;--awb-padding-left:25%;--awb-padding-right-small:0px;--awb-padding-left-small:0px;--awb-bg-position:center center;--awb-bg-blend:multiply;--awb-bg-size:cover;--awb-width-large:100%;--awb-margin-top-large:0px;--awb-spacing-right-large:1.92%;--awb-margin-bottom-large:0px;--awb-spacing-left-large:1.92%;--awb-width-medium:100%;--awb-order-medium:0;--awb-spacing-right-medium:1.92%;--awb-spacing-left-medium:1.92%;--awb-width-small:100%;--awb-order-small:0;--awb-spacing-right-small:1.92%;--awb-spacing-left-small:1.92%;\" data-scroll-devices=\"small-visibility,medium-visibility,large-visibility\"><div class=\"fusion-column-wrapper fusion-column-has-shadow fusion-flex-justify-content-flex-start fusion-content-layout-column\"><div class=\"fusion-title title fusion-title-1 fusion-sep-none fusion-title-center fusion-title-text fusion-title-size-one\" style=\"--awb-margin-bottom:0px;--awb-margin-top-small:0px;--awb-margin-right-small:0px;--awb-margin-bottom-small:10px;--awb-margin-left-small:0px;\"><h1 class=\"fusion-title-heading title-heading-center fusion-responsive-typography-calculated\" style=\"margin:0;--fontSize:42;line-height:var(--awb-typography1-line-height);\">Nos march\u00e9s<\/h1><\/div><div class=\"fusion-text fusion-text-1 fusion-text-no-margin\" style=\"--awb-content-alignment:center;--awb-font-size:var(--awb-typography2-font-size);--awb-line-height:var(--awb-typography2-line-height);--awb-text-color:var(--awb-color7);--awb-margin-top:0px;--awb-margin-bottom:0px;\"><p>Nous sommes actifs sur les march\u00e9s europ\u00e9ens et non europ\u00e9ens, avec une pr\u00e9sence bien \u00e9tablie en Europe, en Afrique, en Asie (Vietnam, Philippines, Chine, Hong Kong, Tha\u00eflande, Cambodge), au Canada, au Chili et dans toute l&rsquo;Europe de l&rsquo;Est.<\/p>\n<\/div><\/div><\/div><div class=\"fusion-layout-column fusion_builder_column fusion-builder-column-1 fusion_builder_column_1_1 1_1 fusion-flex-column\" style=\"--awb-bg-size:cover;--awb-width-large:100%;--awb-margin-top-large:0px;--awb-spacing-right-large:1.92%;--awb-margin-bottom-large:0px;--awb-spacing-left-large:1.92%;--awb-width-medium:100%;--awb-order-medium:0;--awb-spacing-right-medium:1.92%;--awb-spacing-left-medium:1.92%;--awb-width-small:100%;--awb-order-small:0;--awb-spacing-right-small:1.92%;--awb-spacing-left-small:1.92%;\"><div class=\"fusion-column-wrapper fusion-column-has-shadow fusion-flex-justify-content-flex-start fusion-content-layout-column\"><div class=\"fusion-image-element \" style=\"--awb-caption-title-font-family:var(--h2_typography-font-family);--awb-caption-title-font-weight:var(--h2_typography-font-weight);--awb-caption-title-font-style:var(--h2_typography-font-style);--awb-caption-title-size:var(--h2_typography-font-size);--awb-caption-title-transform:var(--h2_typography-text-transform);--awb-caption-title-line-height:var(--h2_typography-line-height);--awb-caption-title-letter-spacing:var(--h2_typography-letter-spacing);\"><span class=\" fusion-imageframe imageframe-none imageframe-1 hover-type-none\"><img decoding=\"async\" width=\"1440\" height=\"569\" alt=\"serena carni: dove operiamo\" title=\"serena carni: dove operiamo\" src=\"https:\/\/www.serena.it\/wp-content\/uploads\/serena-carne-dove-operiamo.webp\" data-orig-src=\"https:\/\/www.serena.it\/wp-content\/uploads\/serena-carne-dove-operiamo.webp\" class=\"lazyload img-responsive wp-image-1456\" srcset=\"data:image\/svg+xml,%3Csvg%20xmlns%3D%27http%3A%2F%2Fwww.w3.org%2F2000%2Fsvg%27%20width%3D%271440%27%20height%3D%27569%27%20viewBox%3D%270%200%201440%20569%27%3E%3Crect%20width%3D%271440%27%20height%3D%27569%27%20fill-opacity%3D%220%22%2F%3E%3C%2Fsvg%3E\" data-srcset=\"https:\/\/www.serena.it\/wp-content\/uploads\/serena-carne-dove-operiamo-200x79.webp 200w, https:\/\/www.serena.it\/wp-content\/uploads\/serena-carne-dove-operiamo-400x158.webp 400w, https:\/\/www.serena.it\/wp-content\/uploads\/serena-carne-dove-operiamo-600x237.webp 600w, https:\/\/www.serena.it\/wp-content\/uploads\/serena-carne-dove-operiamo-800x316.webp 800w, https:\/\/www.serena.it\/wp-content\/uploads\/serena-carne-dove-operiamo-1200x474.webp 1200w, https:\/\/www.serena.it\/wp-content\/uploads\/serena-carne-dove-operiamo.webp 1440w\" data-sizes=\"auto\" data-orig-sizes=\"(max-width: 768px) 100vw, 1440px\" \/><\/span><\/div><\/div><\/div><\/div><\/div>\n","protected":false},"excerpt":{"rendered":"","protected":false},"author":1,"featured_media":0,"parent":0,"menu_order":0,"comment_status":"closed","ping_status":"closed","template":"100-width.php","meta":{"_acf_changed":false,"footnotes":""},"class_list":["post-1455","page","type-page","status-publish","hentry"],"acf":[],"_links":{"self":[{"href":"https:\/\/www.serena.it\/fr\/wp-json\/wp\/v2\/pages\/1455","targetHints":{"allow":["GET"]}}],"collection":[{"href":"https:\/\/www.serena.it\/fr\/wp-json\/wp\/v2\/pages"}],"about":[{"href":"https:\/\/www.serena.it\/fr\/wp-json\/wp\/v2\/types\/page"}],"author":[{"embeddable":true,"href":"https:\/\/www.serena.it\/fr\/wp-json\/wp\/v2\/users\/1"}],"replies":[{"embeddable":true,"href":"https:\/\/www.serena.it\/fr\/wp-json\/wp\/v2\/comments?post=1455"}],"version-history":[{"count":2,"href":"https:\/\/www.serena.it\/fr\/wp-json\/wp\/v2\/pages\/1455\/revisions"}],"predecessor-version":[{"id":1679,"href":"https:\/\/www.serena.it\/fr\/wp-json\/wp\/v2\/pages\/1455\/revisions\/1679"}],"wp:attachment":[{"href":"https:\/\/www.serena.it\/fr\/wp-json\/wp\/v2\/media?parent=1455"}],"curies":[{"name":"wp","href":"https:\/\/api.w.org\/{rel}","templated":true}]}}